{"id":1085,"date":"2026-04-16T03:15:48","date_gmt":"2026-04-16T03:15:48","guid":{"rendered":"https:\/\/keridinerequena.com\/?page_id=1085"},"modified":"2026-04-16T03:16:32","modified_gmt":"2026-04-16T03:16:32","slug":"politica-de-privacidad","status":"publish","type":"page","link":"https:\/\/keridinerequena.com\/en\/politica-de-privacidad\/","title":{"rendered":"Pol\u00edtica de Privacidad"},"content":{"rendered":"<h2>POL\u00cdTICA DE PRIVACIDAD<\/h2>\n<p>Esta pol\u00edtica de privacidad es v\u00e1lida para el sitio web <strong>https:\/\/keridinerequena.com\/<\/strong><\/p>\n<p><strong>DATOS IDENTIFICATIVOS:<\/strong> La empresa titular es <strong>KERIDINE &amp; REQUENA<\/strong>, con domicilio en F&amp;F Tower, Piso 27, Oficina 27B, Calle 50, Ciudad de Panam\u00e1, inscrita en el Registro P\u00fablico de Panam\u00e1 al Folio Real 25039133, correo: <strong>info@keridinerequena.com<\/strong>.<\/p>\n<p><strong>USUARIOS:<\/strong> El acceso y\/o uso de este portal atribuye la condici\u00f3n de USUARIO, que acepta las Condiciones Generales de Uso aqu\u00ed reflejadas.<\/p>\n<p><strong>PROTECCI\u00d3N DE DATOS:<\/strong> KERIDINE &amp; REQUENA cumple con las directrices de la Convenci\u00f3n Americana de los Derechos Humanos (Art\u00edculo 11) y la OEA en materia de Privacidad y Protecci\u00f3n de Datos Personales. Los datos recopilados (nombre, correo, tel\u00e9fono) se utilizan \u00fanicamente para responder consultas y brindar servicios legales. No se comparte informaci\u00f3n con terceros sin consentimiento expreso.<\/p>\n<p><strong>PROPIEDAD INTELECTUAL:<\/strong> KERIDINE &amp; REQUENA es titular de todos los derechos de propiedad intelectual e industrial de su p\u00e1gina web. Queda expresamente prohibida la reproducci\u00f3n o distribuci\u00f3n de contenidos con fines comerciales sin autorizaci\u00f3n expresa.<\/p>\n<p><strong>EXCLUSI\u00d3N DE RESPONSABILIDAD:<\/strong> KERIDINE &amp; REQUENA no se hace responsable de da\u00f1os ocasionados por errores en los contenidos, falta de disponibilidad del portal o transmisi\u00f3n de componentes da\u00f1inos.<\/p>\n<p><strong>MODIFICACIONES:<\/strong> KERIDINE &amp; REQUENA se reserva el derecho de modificar en cualquier momento las condiciones aqu\u00ed determinadas.<\/p>\n<p><strong>LEGISLACI\u00d3N APLICABLE:<\/strong> La relaci\u00f3n entre KERIDINE &amp; REQUENA y el USUARIO se regir\u00e1 por la normativa paname\u00f1a vigente. Cualquier controversia se someter\u00e1 a los Juzgados y tribunales de la Ciudad de Panam\u00e1.<\/p>\n<p>Para ejercer sus derechos de acceso, rectificaci\u00f3n o eliminaci\u00f3n de datos, contacte a <a href=\"mailto:info@keridinerequena.com\">info@keridinerequena.com<\/a> o al +507 204 6654.<\/p>","protected":false},"excerpt":{"rendered":"<p>POL\u00cdTICA DE PRIVACIDAD Esta pol\u00edtica de privacidad es v\u00e1lida para el sitio web https:\/\/keridinerequena.com\/ DATOS IDENTIFICATIVOS: La empresa titular es KERIDINE &amp; REQUENA, con domicilio en F&amp;F Tower, Piso 27, Oficina 27B, Calle 50, Ciudad de Panam\u00e1, inscrita en el Registro P\u00fablico de Panam\u00e1 al Folio Real 25039133, correo: info@keridinerequena.com. USUARIOS: El acceso y\/o uso [&hellip;]<\/p>\n","protected":false},"author":2,"featured_media":0,"parent":0,"menu_order":0,"comment_status":"closed","ping_status":"closed","template":"","meta":{"footnotes":""},"class_list":["post-1085","page","type-page","status-publish","hentry"],"_links":{"self":[{"href":"https:\/\/keridinerequena.com\/en\/wp-json\/wp\/v2\/pages\/1085","targetHints":{"allow":["GET"]}}],"collection":[{"href":"https:\/\/keridinerequena.com\/en\/wp-json\/wp\/v2\/pages"}],"about":[{"href":"https:\/\/keridinerequena.com\/en\/wp-json\/wp\/v2\/types\/page"}],"author":[{"embeddable":true,"href":"https:\/\/keridinerequena.com\/en\/wp-json\/wp\/v2\/users\/2"}],"replies":[{"embeddable":true,"href":"https:\/\/keridinerequena.com\/en\/wp-json\/wp\/v2\/comments?post=1085"}],"version-history":[{"count":2,"href":"https:\/\/keridinerequena.com\/en\/wp-json\/wp\/v2\/pages\/1085\/revisions"}],"predecessor-version":[{"id":1087,"href":"https:\/\/keridinerequena.com\/en\/wp-json\/wp\/v2\/pages\/1085\/revisions\/1087"}],"wp:attachment":[{"href":"https:\/\/keridinerequena.com\/en\/wp-json\/wp\/v2\/media?parent=1085"}],"curies":[{"name":"wp","href":"https:\/\/api.w.org\/{rel}","templated":true}]}}