{"id":1088,"date":"2026-04-16T03:17:03","date_gmt":"2026-04-16T03:17:03","guid":{"rendered":"https:\/\/keridinerequena.com\/terminos-de-uso\/"},"modified":"2026-04-16T03:26:00","modified_gmt":"2026-04-16T03:26:00","slug":"terminos-de-uso","status":"publish","type":"page","link":"https:\/\/keridinerequena.com\/en\/terminos-de-uso\/","title":{"rendered":"T\u00e9rminos de Uso"},"content":{"rendered":"<h2>T\u00c9RMINOS Y CONDICIONES<\/h2>\n<p>Estos T\u00e9rminos y Condiciones son v\u00e1lidos para el sitio web <strong>https:\/\/keridinerequena.com\/<\/strong><\/p>\n<p><strong>1. OBJETO Y \u00c1MBITO DE APLICACI\u00d3N.<\/strong> Las presentes Condiciones Generales de Uso regulan el acceso a los contenidos y servicios para usuarios. La empresa titular es <strong>KERIDINE &amp; REQUENA<\/strong>, con domicilio en F&amp;F Tower, Piso 27, Oficina 27B, Calle 50, Ciudad de Panam\u00e1, inscrita en el Registro P\u00fablico de Panam\u00e1 al Folio Real 25039133, correo: <strong>info@keridinerequena.com<\/strong>.<\/p>\n<p>El hecho de acceder, navegar o utilizar los servicios de la P\u00e1gina Web implica que el Usuario ha le\u00eddo y acepta sin reservas las Condiciones de Uso.<\/p>\n<p><strong>2. DERECHOS DE PROPIEDAD INTELECTUAL E INDUSTRIAL.<\/strong> La presente P\u00e1gina Web se rige por la legislaci\u00f3n nacional e internacional sobre propiedad intelectual e industrial. KERIDINE &amp; REQUENA es titular o ha obtenido la correspondiente licencia sobre los derechos de explotaci\u00f3n de los contenidos disponibles. Est\u00e1 prohibido modificar, copiar, reproducir, comunicar p\u00fablicamente o distribuir cualquier contenido de esta p\u00e1gina sin autorizaci\u00f3n expresa y por escrito de KERIDINE &amp; REQUENA.<\/p>\n<p><strong>3. UTILIZACI\u00d3N DE LA P\u00c1GINA WEB.<\/strong> El Usuario tendr\u00e1 acceso a los contenidos de forma gratuita, si bien algunos servicios pueden estar sujetos a registro previo o pago. El Usuario se compromete a no utilizar los servicios para enviar mensajes difamatorios, falsos, inapropiados, abusivos o que infrinjan alguna ley.<\/p>\n<p><strong>4. LICENCIA SOBRE LAS COMUNICACIONES.<\/strong> En el caso de que el Usuario env\u00ede informaci\u00f3n a KERIDINE &amp; REQUENA a trav\u00e9s de la P\u00e1gina Web, el Usuario declara que tiene derecho a hacerlo libremente y que dicha informaci\u00f3n no infringe ning\u00fan derecho de propiedad intelectual ni tiene car\u00e1cter perjudicial para terceros.<\/p>\n<p><strong>5. RESPONSABILIDADES Y GARANT\u00cdAS.<\/strong> KERIDINE &amp; REQUENA no garantiza la continuidad de los contenidos, la ausencia de errores, ni la invulnerabilidad de la P\u00e1gina Web. No obstante, ha adoptado todas las medidas necesarias para garantizar su funcionamiento.<\/p>\n<p><strong>6. ENLACES.<\/strong> En caso de que desde la P\u00e1gina Web el Usuario pudiera acceder a otras P\u00e1ginas Web de terceros, KERIDINE &amp; REQUENA no asume responsabilidad alguna por los contenidos de dichos sitios externos.<\/p>\n<p><strong>7. DURACI\u00d3N Y MODIFICACI\u00d3N.<\/strong> KERIDINE &amp; REQUENA podr\u00e1 modificar los t\u00e9rminos y condiciones aqu\u00ed estipulados, publicando cualquier cambio a trav\u00e9s de la misma P\u00e1gina Web. KERIDINE &amp; REQUENA podr\u00e1 dar por terminado o interrumpir el acceso a los contenidos en cualquier momento sin necesidad de preaviso.<\/p>\n<p><strong>8. GENERALIDADES.<\/strong> En el caso de que cualquier disposici\u00f3n de estas Condiciones fuera considerada nula por cualquier Juzgado o Tribunal, dicha nulidad no afectar\u00e1 a las otras disposiciones.<\/p>\n<p><strong>9. JURISDICCI\u00d3N.<\/strong> Estas Condiciones Generales se rigen por la ley de la Rep\u00fablica de Panam\u00e1. Las partes se someten, para la resoluci\u00f3n de los conflictos, a los juzgados y tribunales de la Ciudad de Panam\u00e1.<\/p>","protected":false},"excerpt":{"rendered":"<p>T\u00c9RMINOS Y CONDICIONES Estos T\u00e9rminos y Condiciones son v\u00e1lidos para el sitio web https:\/\/keridinerequena.com\/ 1. OBJETO Y \u00c1MBITO DE APLICACI\u00d3N. Las presentes Condiciones Generales de Uso regulan el acceso a los contenidos y servicios para usuarios. La empresa titular es KERIDINE &amp; REQUENA, con domicilio en F&amp;F Tower, Piso 27, Oficina 27B, Calle 50, Ciudad [&hellip;]<\/p>\n","protected":false},"author":2,"featured_media":0,"parent":0,"menu_order":0,"comment_status":"closed","ping_status":"closed","template":"","meta":{"footnotes":""},"class_list":["post-1088","page","type-page","status-publish","hentry"],"_links":{"self":[{"href":"https:\/\/keridinerequena.com\/en\/wp-json\/wp\/v2\/pages\/1088","targetHints":{"allow":["GET"]}}],"collection":[{"href":"https:\/\/keridinerequena.com\/en\/wp-json\/wp\/v2\/pages"}],"about":[{"href":"https:\/\/keridinerequena.com\/en\/wp-json\/wp\/v2\/types\/page"}],"author":[{"embeddable":true,"href":"https:\/\/keridinerequena.com\/en\/wp-json\/wp\/v2\/users\/2"}],"replies":[{"embeddable":true,"href":"https:\/\/keridinerequena.com\/en\/wp-json\/wp\/v2\/comments?post=1088"}],"version-history":[{"count":1,"href":"https:\/\/keridinerequena.com\/en\/wp-json\/wp\/v2\/pages\/1088\/revisions"}],"predecessor-version":[{"id":1092,"href":"https:\/\/keridinerequena.com\/en\/wp-json\/wp\/v2\/pages\/1088\/revisions\/1092"}],"wp:attachment":[{"href":"https:\/\/keridinerequena.com\/en\/wp-json\/wp\/v2\/media?parent=1088"}],"curies":[{"name":"wp","href":"https:\/\/api.w.org\/{rel}","templated":true}]}}