{"id":1089,"date":"2026-04-16T03:17:04","date_gmt":"2026-04-16T03:17:04","guid":{"rendered":"https:\/\/keridinerequena.com\/politica-de-cookies\/"},"modified":"2026-04-16T03:17:04","modified_gmt":"2026-04-16T03:17:04","slug":"politica-de-cookies","status":"publish","type":"page","link":"https:\/\/keridinerequena.com\/en\/politica-de-cookies\/","title":{"rendered":"Pol\u00edtica de Cookies"},"content":{"rendered":"<h2>POL\u00cdTICA DE COOKIES<\/h2>\n<p>Una cookie es un fichero que se descarga en su dispositivo al acceder a determinadas p\u00e1ginas web. Las cookies permiten a una p\u00e1gina web almacenar y recuperar informaci\u00f3n sobre los h\u00e1bitos de navegaci\u00f3n de un usuario.<\/p>\n<h3>\u00bfQu\u00e9 tipos de cookies utiliza esta p\u00e1gina web?<\/h3>\n<ul>\n<li><strong>Cookies t\u00e9cnicas:<\/strong> Permiten al usuario la navegaci\u00f3n a trav\u00e9s de la p\u00e1gina web y la utilizaci\u00f3n de sus diferentes servicios y opciones.<\/li>\n<li><strong>Cookies de personalizaci\u00f3n:<\/strong> Permiten al usuario acceder al servicio con caracter\u00edsticas predefinidas seg\u00fan criterios del terminal del usuario, como el idioma o el tipo de navegador.<\/li>\n<li><strong>Cookies de an\u00e1lisis:<\/strong> Nos permiten cuantificar el n\u00famero de usuarios y realizar an\u00e1lisis estad\u00edstico de la utilizaci\u00f3n del servicio. Se utiliza Google Analytics, un servicio de Google, Inc.<\/li>\n<li><strong>Cookies publicitarias:<\/strong> Nos permiten gestionar los espacios publicitarios de la p\u00e1gina web, adecuando el contenido del anuncio al uso del usuario.<\/li>\n<li><strong>Cookies de terceros:<\/strong> La Web puede utilizar servicios de terceros que, por cuenta de KERIDINE &amp; REQUENA, recopilar\u00e1n informaci\u00f3n con fines estad\u00edsticos y para la prestaci\u00f3n de otros servicios.<\/li>\n<\/ul>\n<p>Sin su expreso consentimiento, KERIDINE &amp; REQUENA no enlazar\u00e1 en las cookies los datos memorizados con sus datos personales.<\/p>\n<p>Puede permitir, bloquear o eliminar las cookies instaladas en su dispositivo mediante la configuraci\u00f3n de las opciones de su navegador (Chrome, Firefox, Safari, Explorer).<\/p>\n<p>Si tiene dudas sobre esta pol\u00edtica de cookies, puede contactar con KERIDINE &amp; REQUENA al correo electr\u00f3nico <a href=\"mailto:info@keridinerequena.com\">info@keridinerequena.com<\/a>.<\/p>","protected":false},"excerpt":{"rendered":"<p>POL\u00cdTICA DE COOKIES Una cookie es un fichero que se descarga en su dispositivo al acceder a determinadas p\u00e1ginas web. Las cookies permiten a una p\u00e1gina web almacenar y recuperar informaci\u00f3n sobre los h\u00e1bitos de navegaci\u00f3n de un usuario. \u00bfQu\u00e9 tipos de cookies utiliza esta p\u00e1gina web? Cookies t\u00e9cnicas: Permiten al usuario la navegaci\u00f3n a [&hellip;]<\/p>\n","protected":false},"author":2,"featured_media":0,"parent":0,"menu_order":0,"comment_status":"closed","ping_status":"closed","template":"","meta":{"footnotes":""},"class_list":["post-1089","page","type-page","status-publish","hentry"],"_links":{"self":[{"href":"https:\/\/keridinerequena.com\/en\/wp-json\/wp\/v2\/pages\/1089","targetHints":{"allow":["GET"]}}],"collection":[{"href":"https:\/\/keridinerequena.com\/en\/wp-json\/wp\/v2\/pages"}],"about":[{"href":"https:\/\/keridinerequena.com\/en\/wp-json\/wp\/v2\/types\/page"}],"author":[{"embeddable":true,"href":"https:\/\/keridinerequena.com\/en\/wp-json\/wp\/v2\/users\/2"}],"replies":[{"embeddable":true,"href":"https:\/\/keridinerequena.com\/en\/wp-json\/wp\/v2\/comments?post=1089"}],"version-history":[{"count":0,"href":"https:\/\/keridinerequena.com\/en\/wp-json\/wp\/v2\/pages\/1089\/revisions"}],"wp:attachment":[{"href":"https:\/\/keridinerequena.com\/en\/wp-json\/wp\/v2\/media?parent=1089"}],"curies":[{"name":"wp","href":"https:\/\/api.w.org\/{rel}","templated":true}]}}