{"id":181,"date":"2024-10-10T15:03:57","date_gmt":"2024-10-10T15:03:57","guid":{"rendered":"https:\/\/keridinerequena.wegraphypa.com\/?page_id=181"},"modified":"2025-01-20T15:10:44","modified_gmt":"2025-01-20T15:10:44","slug":"nuestro-equipo","status":"publish","type":"page","link":"https:\/\/keridinerequena.com\/en\/nuestro-equipo\/","title":{"rendered":"Our Team"},"content":{"rendered":"\t\t<div data-elementor-type=\"wp-page\" data-elementor-id=\"181\" class=\"elementor elementor-181\" data-elementor-post-type=\"page\">\n\t\t\t\t<div class=\"elementor-element elementor-element-e9a0d68 e-flex e-con-boxed e-con e-parent\" data-id=\"e9a0d68\" data-element_type=\"container\" data-e-type=\"container\" data-settings=\"{&quot;background_background&quot;:&quot;classic&quot;}\">\n\t\t\t\t\t<div class=\"e-con-inner\">\n\t\t\t\t<div class=\"elementor-element elementor-element-93084b5 elementor-invisible elementor-widget elementor-widget-heading\" data-id=\"93084b5\" data-element_type=\"widget\" data-e-type=\"widget\" data-settings=\"{&quot;_animation&quot;:&quot;fadeInUp&quot;,&quot;_animation_delay&quot;:&quot;600&quot;}\" data-widget_type=\"heading.default\">\n\t\t\t\t<div class=\"elementor-widget-container\">\n\t\t\t\t\t<h1 class=\"elementor-heading-title elementor-size-default\">Nuestro equipo<\/h1>\t\t\t\t<\/div>\n\t\t\t\t<\/div>\n\t\t\t\t<div class=\"elementor-element elementor-element-12a282b elementor-invisible elementor-widget elementor-widget-heading\" data-id=\"12a282b\" data-element_type=\"widget\" data-e-type=\"widget\" data-settings=\"{&quot;_animation&quot;:&quot;fadeInLeft&quot;,&quot;_animation_delay&quot;:&quot;400&quot;}\" data-widget_type=\"heading.default\">\n\t\t\t\t<div class=\"elementor-widget-container\">\n\t\t\t\t\t<p class=\"elementor-heading-title elementor-size-default\">Conoce a nuestros abogados y su experiencia.\n\n<\/p>\t\t\t\t<\/div>\n\t\t\t\t<\/div>\n\t\t\t\t\t<\/div>\n\t\t\t\t<\/div>\n\t\t<div class=\"elementor-element elementor-element-c5d2009 e-flex e-con-boxed e-con e-parent\" data-id=\"c5d2009\" data-element_type=\"container\" data-e-type=\"container\">\n\t\t\t\t\t<div class=\"e-con-inner\">\n\t\t<div class=\"elementor-element elementor-element-96f2193 e-con-full e-flex e-con e-child\" data-id=\"96f2193\" data-element_type=\"container\" data-e-type=\"container\" data-settings=\"{&quot;sticky&quot;:&quot;top&quot;,&quot;sticky_on&quot;:[&quot;desktop&quot;,&quot;tablet&quot;],&quot;sticky_offset&quot;:121,&quot;sticky_parent&quot;:&quot;yes&quot;,&quot;sticky_effects_offset&quot;:0,&quot;sticky_anchor_link_offset&quot;:0}\">\n\t\t\t\t<div class=\"elementor-element elementor-element-08fa42a elementor-widget elementor-widget-image\" data-id=\"08fa42a\" data-element_type=\"widget\" data-e-type=\"widget\" data-widget_type=\"image.default\">\n\t\t\t\t<div class=\"elementor-widget-container\">\n\t\t\t\t\t\t\t\t\t\t\t\t\t\t\t<img fetchpriority=\"high\" decoding=\"async\" width=\"374\" height=\"468\" src=\"https:\/\/keridinerequena.com\/wp-content\/uploads\/2024\/09\/foto-para-inicio-2-1.jpg\" class=\"attachment-large size-large wp-image-159\" alt=\"\" srcset=\"https:\/\/keridinerequena.com\/wp-content\/uploads\/2024\/09\/foto-para-inicio-2-1.jpg 374w, https:\/\/keridinerequena.com\/wp-content\/uploads\/2024\/09\/foto-para-inicio-2-1-240x300.jpg 240w\" sizes=\"(max-width: 374px) 100vw, 374px\" \/>\t\t\t\t\t\t\t\t\t\t\t\t\t\t\t<\/div>\n\t\t\t\t<\/div>\n\t\t\t\t<div class=\"elementor-element elementor-element-2d3ca05 elementor-widget elementor-widget-heading\" data-id=\"2d3ca05\" data-element_type=\"widget\" data-e-type=\"widget\" data-widget_type=\"heading.default\">\n\t\t\t\t<div class=\"elementor-widget-container\">\n\t\t\t\t\t<h4 class=\"elementor-heading-title elementor-size-default\">Rhafic Keridine\n<\/h4>\t\t\t\t<\/div>\n\t\t\t\t<\/div>\n\t\t\t\t<div class=\"elementor-element elementor-element-fc114ff elementor-widget elementor-widget-heading\" data-id=\"fc114ff\" data-element_type=\"widget\" data-e-type=\"widget\" data-widget_type=\"heading.default\">\n\t\t\t\t<div class=\"elementor-widget-container\">\n\t\t\t\t\t<h5 class=\"elementor-heading-title elementor-size-default\">Abogado \/ Socio<\/h5>\t\t\t\t<\/div>\n\t\t\t\t<\/div>\n\t\t\t\t<div class=\"elementor-element elementor-element-ef31bab elementor-hidden-desktop elementor-hidden-tablet elementor-hidden-mobile elementor-shape-rounded elementor-grid-0 e-grid-align-center elementor-widget elementor-widget-social-icons\" data-id=\"ef31bab\" data-element_type=\"widget\" data-e-type=\"widget\" data-widget_type=\"social-icons.default\">\n\t\t\t\t<div class=\"elementor-widget-container\">\n\t\t\t\t\t\t\t<div class=\"elementor-social-icons-wrapper elementor-grid\" role=\"list\">\n\t\t\t\t\t\t\t<span class=\"elementor-grid-item\" role=\"listitem\">\n\t\t\t\t\t<a class=\"elementor-icon elementor-social-icon elementor-social-icon-icon-envelope2 elementor-repeater-item-57f616f\" href=\"mailto:rk@keridinerequena.com\" target=\"_blank\" rel=\"nofollow\">\n\t\t\t\t\t\t<span class=\"elementor-screen-only\">Icon-envelope2<\/span>\n\t\t\t\t\t\t<i aria-hidden=\"true\" class=\"icon icon-envelope2\"><\/i>\t\t\t\t\t<\/a>\n\t\t\t\t<\/span>\n\t\t\t\t\t\t\t<span class=\"elementor-grid-item\" role=\"listitem\">\n\t\t\t\t\t<a class=\"elementor-icon elementor-social-icon elementor-social-icon-icon-phone-handset elementor-repeater-item-8e72a86\" href=\"tel:2046654\" target=\"_blank\" rel=\"nofollow\">\n\t\t\t\t\t\t<span class=\"elementor-screen-only\">Icon-phone-handset<\/span>\n\t\t\t\t\t\t<i aria-hidden=\"true\" class=\"icon icon-phone-handset\"><\/i>\t\t\t\t\t<\/a>\n\t\t\t\t<\/span>\n\t\t\t\t\t<\/div>\n\t\t\t\t\t\t<\/div>\n\t\t\t\t<\/div>\n\t\t\t\t<\/div>\n\t\t<div class=\"elementor-element elementor-element-25ac389 e-con-full e-flex e-con e-child\" data-id=\"25ac389\" data-element_type=\"container\" data-e-type=\"container\">\n\t\t\t\t<div class=\"elementor-element elementor-element-425ab78 elementor-widget elementor-widget-text-editor\" data-id=\"425ab78\" data-element_type=\"widget\" data-e-type=\"widget\" data-widget_type=\"text-editor.default\">\n\t\t\t\t<div class=\"elementor-widget-container\">\n\t\t\t\t\t\t\t\t\t<h4>Rhafic Keridine<\/h4><p class=\"justificar\">Con estudios y experiencia acumulada en el Derecho de los Negocios, se especializa en el asesoramiento jur\u00eddico a empresas en asuntos comerciales, laborales y regulatorios, estructuras corporativas, reg\u00edmenes tributarios, innovaci\u00f3n, propiedad intelectual y aquellos relacionados al giro ordinario de estas.<\/p><p class=\"justificar\">Mantiene experiencia relacionada al registro y financiamiento de naves, espec\u00edficamente en el registro de T\u00edtulos de Propiedad de Naves, Abanderamientos, Hipotecas y sus enmiendas o adendas en el Registro P\u00fablico de Propiedad de Naves de la Autoridad Mar\u00edtima de Panam\u00e1. De igual forma, trabaj\u00f3 como Asesor Legal de la Direcci\u00f3n de Asuntos Jur\u00eddicos, Cabildeo y Seguridad Ciudadana de la C\u00e1mara de Comercio, Industrias y Agricultura de Panam\u00e1, uno de los gremios m\u00e1s representativos del sector privado en la Rep\u00fablica de Panam\u00e1, prestando asesor\u00eda jur\u00eddica a las empresas miembro, su Junta Directiva y Comit\u00e9 Ejecutivo sobre las normativas vigentes aplicables a las empresas en Panam\u00e1 y realizando seguimiento legislativo y cabildeo en la Asamblea Nacional sobre de los Proyectos y Anteproyectos de Ley en discusi\u00f3n vinculantes al sector empresarial. Al mismo tiempo, particip\u00f3 en mesas de discusi\u00f3n y revisi\u00f3n o redacci\u00f3n de normativas legales sobre asuntos regulatorios de las distintas industrias representadas en el pa\u00eds.<\/p><p>EDUCACI\u00d3N: Licenciatura en Derecho y Ciencias Pol\u00edticas en la facultad de Derecho y Ciencias Pol\u00edticas de la Universidad Santa Mar\u00eda la Antigua (Cum Laude) \/ Diplomado en Finanzas para no Financieros, Universidad Latina de Panam\u00e1 \/ Maestr\u00eda en Derecho Privado con \u00e9nfasis en Derecho Comercial, Derecho y Ciencias Pol\u00edticas de la Universidad de Panam\u00e1. \/ Especializaci\u00f3n en Legal Tech and Innovation de The George Washington University School of Business \/ Master en Derecho de los Negocios en ADEN (en curso)<\/p><p class=\"justificar\">\u00c1REAS DE TRABAJO Derecho Corporativo, Asuntos Regulatorios, Derecho Comercial, Mar\u00edtimo y Administrativo.<\/p>\t\t\t\t\t\t\t\t<\/div>\n\t\t\t\t<\/div>\n\t\t\t\t<\/div>\n\t\t\t\t\t<\/div>\n\t\t\t\t<\/div>\n\t\t<div class=\"elementor-element elementor-element-e84a414 e-flex e-con-boxed e-con e-parent\" data-id=\"e84a414\" data-element_type=\"container\" data-e-type=\"container\">\n\t\t\t\t\t<div class=\"e-con-inner\">\n\t\t<div class=\"elementor-element elementor-element-081ecba e-con-full e-flex e-con e-child\" data-id=\"081ecba\" data-element_type=\"container\" data-e-type=\"container\">\n\t\t\t\t<div class=\"elementor-element elementor-element-b09a34a elementor-widget elementor-widget-text-editor\" data-id=\"b09a34a\" data-element_type=\"widget\" data-e-type=\"widget\" data-widget_type=\"text-editor.default\">\n\t\t\t\t<div class=\"elementor-widget-container\">\n\t\t\t\t\t\t\t\t\t<h4>Marvis Requena Pitti<\/h4><p class=\"justificar\">EDUCACI\u00d3N: Licenciatura en Derecho y Ciencias Pol\u00edticas en la facultad de Derecho de la Universidad Latina de Panam\u00e1.<\/p><p class=\"justificar\">Mantiene amplia experiencia en la negociaci\u00f3n y confecci\u00f3n de contratos inmobiliarios, confecci\u00f3n de contratos bancarios, presentaci\u00f3n y seguimiento de tr\u00e1mites en Registro P\u00fablico, ANATI, MIVIOT, DGI, ACODECO y Municipio de Panam\u00e1 e incorporaciones de fincas al R\u00e9gimen de Propiedad Horizontal. Tambi\u00e9n labor\u00f3 como Abogada Corporativa dentro de una importante empresa multinacional con presencia en Norteam\u00e9rica, Centroam\u00e9rica y Suram\u00e9rica, la cual es propietaria y operadora independiente de infraestructuras de comunicaciones inal\u00e1mbricas, estando encargada de la confecci\u00f3n, gesti\u00f3n y coordinaci\u00f3n del registro de los Contratos de Arrendamientos, Compraventas, Enmiendas y Usufructo; gesti\u00f3n y coordinaci\u00f3n de la presentaci\u00f3n oficial de documentos en las instituciones estatales como Registro P\u00fablico y ANATI, para casos de derechos posesorios en el pa\u00eds; realizaci\u00f3n de Due Diligence de la propiedades y la representaci\u00f3n de la empresa ante los bancos y otras instituciones financieras.<\/p><p class=\"justificar\">\u00c1REAS DE TRABAJO Derecho Inmobiliario, Telecomunicaciones, Derecho Comercial y Migraci\u00f3n<\/p>\t\t\t\t\t\t\t\t<\/div>\n\t\t\t\t<\/div>\n\t\t\t\t<\/div>\n\t\t<div class=\"elementor-element elementor-element-9773005 e-con-full e-flex e-con e-child\" data-id=\"9773005\" data-element_type=\"container\" data-e-type=\"container\" data-settings=\"{&quot;sticky&quot;:&quot;top&quot;,&quot;sticky_on&quot;:[&quot;desktop&quot;,&quot;tablet&quot;],&quot;sticky_offset&quot;:121,&quot;sticky_parent&quot;:&quot;yes&quot;,&quot;sticky_effects_offset&quot;:0,&quot;sticky_anchor_link_offset&quot;:0}\">\n\t\t\t\t<div class=\"elementor-element elementor-element-f98ee1b elementor-widget elementor-widget-image\" data-id=\"f98ee1b\" data-element_type=\"widget\" data-e-type=\"widget\" data-widget_type=\"image.default\">\n\t\t\t\t<div class=\"elementor-widget-container\">\n\t\t\t\t\t\t\t\t\t\t\t\t\t\t\t<img decoding=\"async\" width=\"405\" height=\"503\" src=\"https:\/\/keridinerequena.com\/wp-content\/uploads\/2024\/09\/foto-para-inicio-1.jpg\" class=\"attachment-large size-large wp-image-158\" alt=\"\" srcset=\"https:\/\/keridinerequena.com\/wp-content\/uploads\/2024\/09\/foto-para-inicio-1.jpg 405w, https:\/\/keridinerequena.com\/wp-content\/uploads\/2024\/09\/foto-para-inicio-1-242x300.jpg 242w\" sizes=\"(max-width: 405px) 100vw, 405px\" \/>\t\t\t\t\t\t\t\t\t\t\t\t\t\t\t<\/div>\n\t\t\t\t<\/div>\n\t\t\t\t<div class=\"elementor-element elementor-element-82a9c7d elementor-widget elementor-widget-heading\" data-id=\"82a9c7d\" data-element_type=\"widget\" data-e-type=\"widget\" data-widget_type=\"heading.default\">\n\t\t\t\t<div class=\"elementor-widget-container\">\n\t\t\t\t\t<h4 class=\"elementor-heading-title elementor-size-default\">Marvis Requena Pitti\n<\/h4>\t\t\t\t<\/div>\n\t\t\t\t<\/div>\n\t\t\t\t<div class=\"elementor-element elementor-element-f172011 elementor-widget elementor-widget-heading\" data-id=\"f172011\" data-element_type=\"widget\" data-e-type=\"widget\" data-widget_type=\"heading.default\">\n\t\t\t\t<div class=\"elementor-widget-container\">\n\t\t\t\t\t<h5 class=\"elementor-heading-title elementor-size-default\">Abogada \/ Socia\n\n<\/h5>\t\t\t\t<\/div>\n\t\t\t\t<\/div>\n\t\t\t\t<div class=\"elementor-element elementor-element-8417f3e elementor-hidden-desktop elementor-hidden-tablet elementor-hidden-mobile elementor-shape-rounded elementor-grid-0 e-grid-align-center elementor-widget elementor-widget-social-icons\" data-id=\"8417f3e\" data-element_type=\"widget\" data-e-type=\"widget\" data-widget_type=\"social-icons.default\">\n\t\t\t\t<div class=\"elementor-widget-container\">\n\t\t\t\t\t\t\t<div class=\"elementor-social-icons-wrapper elementor-grid\" role=\"list\">\n\t\t\t\t\t\t\t<span class=\"elementor-grid-item\" role=\"listitem\">\n\t\t\t\t\t<a class=\"elementor-icon elementor-social-icon elementor-social-icon-icon-envelope2 elementor-repeater-item-57f616f\" href=\"mailto:mrp@keridinerequena.com\" target=\"_blank\" rel=\"nofollow\">\n\t\t\t\t\t\t<span class=\"elementor-screen-only\">Icon-envelope2<\/span>\n\t\t\t\t\t\t<i aria-hidden=\"true\" class=\"icon icon-envelope2\"><\/i>\t\t\t\t\t<\/a>\n\t\t\t\t<\/span>\n\t\t\t\t\t\t\t<span class=\"elementor-grid-item\" role=\"listitem\">\n\t\t\t\t\t<a class=\"elementor-icon elementor-social-icon elementor-social-icon-icon-phone-handset elementor-repeater-item-8e72a86\" href=\"tel:2046654\" target=\"_blank\" rel=\"nofollow\">\n\t\t\t\t\t\t<span class=\"elementor-screen-only\">Icon-phone-handset<\/span>\n\t\t\t\t\t\t<i aria-hidden=\"true\" class=\"icon icon-phone-handset\"><\/i>\t\t\t\t\t<\/a>\n\t\t\t\t<\/span>\n\t\t\t\t\t<\/div>\n\t\t\t\t\t\t<\/div>\n\t\t\t\t<\/div>\n\t\t\t\t<\/div>\n\t\t\t\t\t<\/div>\n\t\t\t\t<\/div>\n\t\t\t\t<\/div>\n\t\t","protected":false},"excerpt":{"rendered":"<p>Nuestro equipo Conoce a nuestros abogados y su experiencia. Rhafic Keridine Abogado \/ Socio Icon-envelope2 Icon-phone-handset Rhafic Keridine Con estudios y experiencia acumulada en el Derecho de los Negocios, se especializa en el asesoramiento jur\u00eddico a empresas en asuntos comerciales, laborales y regulatorios, estructuras corporativas, reg\u00edmenes tributarios, innovaci\u00f3n, propiedad intelectual y aquellos relacionados al giro [&hellip;]<\/p>\n","protected":false},"author":1,"featured_media":0,"parent":0,"menu_order":0,"comment_status":"closed","ping_status":"closed","template":"","meta":{"footnotes":""},"class_list":["post-181","page","type-page","status-publish","hentry"],"_links":{"self":[{"href":"https:\/\/keridinerequena.com\/en\/wp-json\/wp\/v2\/pages\/181","targetHints":{"allow":["GET"]}}],"collection":[{"href":"https:\/\/keridinerequena.com\/en\/wp-json\/wp\/v2\/pages"}],"about":[{"href":"https:\/\/keridinerequena.com\/en\/wp-json\/wp\/v2\/types\/page"}],"author":[{"embeddable":true,"href":"https:\/\/keridinerequena.com\/en\/wp-json\/wp\/v2\/users\/1"}],"replies":[{"embeddable":true,"href":"https:\/\/keridinerequena.com\/en\/wp-json\/wp\/v2\/comments?post=181"}],"version-history":[{"count":19,"href":"https:\/\/keridinerequena.com\/en\/wp-json\/wp\/v2\/pages\/181\/revisions"}],"predecessor-version":[{"id":1048,"href":"https:\/\/keridinerequena.com\/en\/wp-json\/wp\/v2\/pages\/181\/revisions\/1048"}],"wp:attachment":[{"href":"https:\/\/keridinerequena.com\/en\/wp-json\/wp\/v2\/media?parent=181"}],"curies":[{"name":"wp","href":"https:\/\/api.w.org\/{rel}","templated":true}]}}